{"id":21,"date":"2019-03-14T20:27:47","date_gmt":"2019-03-14T19:27:47","guid":{"rendered":"http:\/\/jeanjon-avocat.fr\/?page_id=21"},"modified":"2020-08-24T10:06:00","modified_gmt":"2020-08-24T08:06:00","slug":"presentation","status":"publish","type":"page","link":"https:\/\/jeanjon-avocat.fr\/?page_id=21","title":{"rendered":"Pr\u00e9sentation"},"content":{"rendered":"\t\t<div data-elementor-type=\"wp-post\" data-elementor-id=\"21\" class=\"elementor elementor-21\">\n\t\t\t\t\t\t<section class=\"elementor-section elementor-top-section elementor-element elementor-element-f2b8ff9 elementor-section-boxed elementor-section-height-default elementor-section-height-default\" data-id=\"f2b8ff9\" data-element_type=\"section\" data-e-type=\"section\">\n\t\t\t\t\t\t<div class=\"elementor-container elementor-column-gap-default\">\n\t\t\t\t\t<div class=\"elementor-column elementor-col-100 elementor-top-column elementor-element elementor-element-62c77217\" data-id=\"62c77217\" data-element_type=\"column\" data-e-type=\"column\">\n\t\t\t<div class=\"elementor-widget-wrap elementor-element-populated\">\n\t\t\t\t\t\t<div class=\"elementor-element elementor-element-3c0aba9e elementor-widget elementor-widget-text-editor\" data-id=\"3c0aba9e\" data-element_type=\"widget\" data-e-type=\"widget\" data-widget_type=\"text-editor.default\">\n\t\t\t\t<div class=\"elementor-widget-container\">\n\t\t\t\t\t\t\t\t\t<p><\/p>\n<p>Apr\u00e8s avoir suivi un double cursus &#8211; droit priv\u00e9 et droit public &#8211; au sein<br \/>de la Facult\u00e9 de droit et des Sciences \u00e9conomiques de LIMOGES j\u2019ai<br \/>obtenu un Master 2 en Droit de l\u2019Environnement, Urbanisme et<br \/>Am\u00e9nagement du territoire et un Master 1 en Carri\u00e8res judiciaires.<\/p>\n<p><\/p>\n<p><\/p>\n<p>J\u2019ai par la suite int\u00e9gr\u00e9e l\u2019\u00e9cole des avocats de Bordeaux puis ai<br \/>pr\u00eat\u00e9 serment le 13 d\u00e9cembre 2012.<\/p>\n<p><\/p>\n<p><\/p>\n<p>J\u2019ai commenc\u00e9 l\u2019exercice de la profession d\u2019Avocat au sein du Barreau<br \/>de LIMOGES en janvier 2013 en travaillant en collaboration d\u2019abord<br \/>avec la SELARL D\u2019AGUESSEAU CONSEILS, Avocats sp\u00e9cialis\u00e9s en droit<br \/>du travail, puis avec la SELARL SOLTNER-MARTIN, Avocats g\u00e9n\u00e9ralistes.<\/p>\n<p><\/p>\n<p><\/p>\n<p>Forte de ces exp\u00e9riences, j\u2019interviens aujourd\u2019hui dans de nombreux<br \/>domaines juridiques.<\/p>\n<p><\/p>\n<p><\/p>\n<p>J\u2019interviens aussi bien pour les particuliers que pour les entreprises et aussi<br \/>bien dans le conseil que le contentieux.<\/p>\n<p><\/p>\n<p><\/p>\n<p>J\u2019ai pour principe de conseiller, d\u2019accompagner et de d\u00e9fendre les<br \/>personnes que j\u2019assiste en restant \u00e0 leur \u00e9coute et ce, que ce<br \/>soit dans le cadre d\u2019une proc\u00e9dure judiciaire ou hors cadre<br \/>judiciaire.<\/p>\n<p><\/p>\n<p><\/p>\n<p>L\u2019\u00e9coute, la disponibilit\u00e9 et la rapidit\u00e9 des r\u00e9ponses aux questions que se<br \/>posent les personnes que j\u2019assiste sont ma priorit\u00e9.<\/p>\n<p><\/p>\n<p><\/p>\n<p>A chaque message laiss\u00e9, j\u2019ai pour r\u00e8gle de rappeler les personnes<br \/>dans les meilleurs d\u00e9lais.<\/p>\n<p><\/p>\n<p><\/p>\n<p>Parce\u00a0que chaque probl\u00e8me est unique, d\u00e8s le premier rendez-vous je vous<br \/>conseillerai sur la strat\u00e9gie \u00e0 adopter, puis nous \u00e9voquerons<br \/>ensemble les suites \u00e0 donner \u00e0 votre affaire.<\/p>\n<p><\/p>\n<p><\/p>\n<p>D\u00e8s\u00a0le premier rendez-vous \u00e9galement nous \u00e9voquerons le montant de mes<br \/>honoraires.<\/p>\n<p><\/p>\n<p><\/p>\n<p>Conform\u00e9ment\u00a0au R\u00e8glement int\u00e9rieur national de la profession d\u2019avocat, mes<br \/>honoraires sont fix\u00e9s en fonction de la nature du dossier, de sa<br \/>complexit\u00e9 et du temps pr\u00e9visible qui y sera consacr\u00e9.<\/p>\n<p><\/p>\n<p><\/p>\n<p>Mes\u00a0honoraires sont fix\u00e9s en accord avec les personnes que j\u2019assiste<br \/>et font syst\u00e9matiquement l\u2019objet d\u2019une convention d\u2019honoraires.<\/p>\n<p><\/p>\n<p><\/p>\n<p>Si\u00a0vous avez une assurance protection juridique, la prise en charge de<br \/>mes honoraires peut \u00eatre totale ou partielle selon le bar\u00e8me \u00e9tabli<br \/>par votre compagnie d\u2019assurance.<\/p>\n<p><\/p>\n<p><\/p>\n<p>Enfin, j\u2019accepte d\u2019intervenir au titre de l\u2019aide juridictionnelle.<\/p>\n<p><\/p>\t\t\t\t\t\t\t\t<\/div>\n\t\t\t\t<\/div>\n\t\t\t\t\t<\/div>\n\t\t<\/div>\n\t\t\t\t\t<\/div>\n\t\t<\/section>\n\t\t\t\t<section class=\"elementor-section elementor-top-section elementor-element elementor-element-97f8b6b elementor-section-boxed elementor-section-height-default elementor-section-height-default\" data-id=\"97f8b6b\" data-element_type=\"section\" data-e-type=\"section\">\n\t\t\t\t\t\t<div class=\"elementor-container elementor-column-gap-default\">\n\t\t\t\t\t<div class=\"elementor-column elementor-col-100 elementor-top-column elementor-element elementor-element-db6171a\" data-id=\"db6171a\" data-element_type=\"column\" data-e-type=\"column\">\n\t\t\t<div class=\"elementor-widget-wrap elementor-element-populated\">\n\t\t\t\t\t\t<div class=\"elementor-element elementor-element-a012923 elementor-widget elementor-widget-button\" data-id=\"a012923\" data-element_type=\"widget\" data-e-type=\"widget\" data-widget_type=\"button.default\">\n\t\t\t\t<div class=\"elementor-widget-container\">\n\t\t\t\t\t\t\t\t\t<div class=\"elementor-button-wrapper\">\n\t\t\t\t\t<a class=\"elementor-button elementor-button-link elementor-size-sm\" href=\"https:\/\/jeanjon-avocat.fr\/index.php\/contact\/\">\n\t\t\t\t\t\t<span class=\"elementor-button-content-wrapper\">\n\t\t\t\t\t\t<span class=\"elementor-button-icon\">\n\t\t\t\t\t\t\t\t\t<i class=\"fa fa-address-book\" aria-hidden=\"true\"><\/i>\n\t\t\t\t\t\t\t<\/span>\n\t\t\t\t\t\t\t\t\t<span class=\"elementor-button-text\">Contact<\/span>\n\t\t\t\t\t<\/span>\n\t\t\t\t\t<\/a>\n\t\t\t\t<\/div>\n\t\t\t\t\t\t\t\t<\/div>\n\t\t\t\t<\/div>\n\t\t\t\t\t<\/div>\n\t\t<\/div>\n\t\t\t\t\t<\/div>\n\t\t<\/section>\n\t\t\t\t<\/div>\n\t\t","protected":false},"excerpt":{"rendered":"<p>Apr\u00e8s avoir suivi un double cursus &#8211; droit priv\u00e9 et droit public &#8211; au seinde la Facult\u00e9 de droit et des Sciences [&hellip;]<\/p>\n","protected":false},"author":1,"featured_media":0,"parent":0,"menu_order":0,"comment_status":"closed","ping_status":"closed","template":"","meta":{"footnotes":""},"class_list":["post-21","page","type-page","status-publish","hentry"],"_links":{"self":[{"href":"https:\/\/jeanjon-avocat.fr\/index.php?rest_route=\/wp\/v2\/pages\/21","targetHints":{"allow":["GET"]}}],"collection":[{"href":"https:\/\/jeanjon-avocat.fr\/index.php?rest_route=\/wp\/v2\/pages"}],"about":[{"href":"https:\/\/jeanjon-avocat.fr\/index.php?rest_route=\/wp\/v2\/types\/page"}],"author":[{"embeddable":true,"href":"https:\/\/jeanjon-avocat.fr\/index.php?rest_route=\/wp\/v2\/users\/1"}],"replies":[{"embeddable":true,"href":"https:\/\/jeanjon-avocat.fr\/index.php?rest_route=%2Fwp%2Fv2%2Fcomments&post=21"}],"version-history":[{"count":9,"href":"https:\/\/jeanjon-avocat.fr\/index.php?rest_route=\/wp\/v2\/pages\/21\/revisions"}],"predecessor-version":[{"id":179,"href":"https:\/\/jeanjon-avocat.fr\/index.php?rest_route=\/wp\/v2\/pages\/21\/revisions\/179"}],"wp:attachment":[{"href":"https:\/\/jeanjon-avocat.fr\/index.php?rest_route=%2Fwp%2Fv2%2Fmedia&parent=21"}],"curies":[{"name":"wp","href":"https:\/\/api.w.org\/{rel}","templated":true}]}}